{"id":456,"date":"2026-03-07T11:08:39","date_gmt":"2026-03-07T11:08:39","guid":{"rendered":"https:\/\/ecocentral.cat\/?page_id=456"},"modified":"2026-03-31T10:31:31","modified_gmt":"2026-03-31T10:31:31","slug":"que-hacemos","status":"publish","type":"page","link":"https:\/\/ecocentral.cat\/es_es\/que-fem\/","title":{"rendered":"Qu\u00e9 hacemos en Ecocentral"},"content":{"rendered":"<div class=\"wp-block-uagb-container uagb-block-874ffcd3 alignfull uagb-is-root-container\"><div class=\"uagb-container-inner-blocks-wrap\">\n<div class=\"wp-block-uagb-container uag-blocks-common-selector uagb-block-0400b19f\">\n<div class=\"wp-block-uagb-advanced-heading uagb-block-a1d9431c\"><h1 class=\"uagb-heading-text\"><strong>ACTIVISTAS DE LA AGROECOLOG\u00cdA<\/strong><\/h1><\/div>\n\n\n\n<div class=\"wp-block-uagb-advanced-heading uagb-block-a3e34c4f\"><p class=\"uagb-heading-text\">Servicios<br>en las escuelas<\/p><\/div>\n\n\n\n<div class=\"wp-block-uagb-container uagb-layout-flex uagb-block-10dfce62\">\n<div class=\"wp-block-uagb-advanced-heading uagb-block-49272e4d\"><p class=\"uagb-heading-text\">El motor de nuestro movimiento es el bienestar de las personas<\/p><\/div>\n\n\n\n<div class=\"wp-block-uagb-buttons uagb-buttons__outer-wrap uagb-btn__large-btn uagb-btn-tablet__default-btn uagb-btn-mobile__default-btn uagb-block-c11ccc97\"><div class=\"uagb-buttons__wrap uagb-buttons-layout-wrap\">\n<div class=\"wp-block-uagb-buttons-child uagb-buttons__outer-wrap uagb-block-e7f89940 wp-block-button\"><div class=\"uagb-button__wrapper\"><a class=\"uagb-buttons-repeater wp-block-button__link\" aria-label=\"\" href=\"https:\/\/ecocentral.cat\/es_es\/#escola-eco\" rel=\"follow noopener\" target=\"_self\" role=\"button\"><div class=\"uagb-button__link\">Quiero ser una escuela ECO<\/div><\/a><\/div><\/div>\n\n\n\n<div class=\"wp-block-uagb-buttons-child uagb-buttons__outer-wrap uagb-block-af0465f4 wp-block-button\"><div class=\"uagb-button__wrapper\"><a class=\"uagb-buttons-repeater wp-block-button__link\" aria-label=\"\" href=\"https:\/\/ecocentral.cat\/es_es\/#soc-gestora\" rel=\"follow noopener\" target=\"_self\" role=\"button\"><div class=\"uagb-button__link\">soy una gestora<\/div><\/a><\/div><\/div>\n<\/div><\/div>\n<\/div>\n<\/div>\n<\/div><\/div>\n\n\n\n<div class=\"wp-block-uagb-container uagb-block-24c918ec alignfull uagb-is-root-container\"><div class=\"uagb-container-inner-blocks-wrap\">\n<div class=\"wp-block-uagb-advanced-heading uagb-block-546d7c47\"><p class=\"uagb-heading-text\">CENTRAL DE COMPRAS<\/p><\/div>\n\n\n\n<div class=\"wp-block-uagb-container uagb-layout-grid uagb-block-65ba0864\">\n<div class=\"wp-block-uagb-container uagb-block-0f3e55a9\">\n<div class=\"wp-block-uagb-advanced-heading uagb-block-df5db420\"><p class=\"uagb-heading-text\">Centralizamos las compras de los comedores escolares con las siguientes ventajas:<\/p><\/div>\n\n\n\n<ul style=\"font-size:20px\" class=\"wp-block-list\">\n<li class=\"has-text-color has-link-color wp-elements-ddfeadb118ce73dd0787781d713bafd2\" style=\"color:#032f35;font-size:18px\"><strong>Descuentos por volumen <\/strong>de compra a empresas de producto envasado, que despu\u00e9s se distribuye en cada comedor escolar.<\/li>\n\n\n\n<li class=\"has-text-color has-link-color wp-elements-4ed9c701cb7de5de2deedec1411c8c69\" style=\"border-top-color:#f3f4ee;border-top-width:2em;color:#032f35;font-size:18px\"><strong>Precio m\u00e1s bajo del transporte<\/strong> gracias a una compra conjunta que llega a nuestros almacenes, donde se distribuye a gestoras y escuelas.<\/li>\n\n\n\n<li class=\"has-text-color has-link-color wp-elements-c5234d2797aca547e64d73382e1a08ed\" style=\"border-top-color:#f3f4ee;border-top-width:2em;color:#032f35;font-size:18px\"><strong>Precontratos comerciales <\/strong>con los agricultores, con programaci\u00f3n de cultivos para asegurar el abastecimiento.<\/li>\n<\/ul>\n<\/div>\n\n\n\n<div class=\"wp-block-group is-nowrap is-layout-flex wp-container-core-group-is-layout-6c531013 wp-block-group-is-layout-flex\">\n<div class=\"wp-block-uagb-container uagb-block-abc15f36\">\n<div class=\"wp-block-uagb-image uagb-block-8886839b wp-block-uagb-image--layout-default wp-block-uagb-image--effect-static wp-block-uagb-image--align-none\"><figure class=\"wp-block-uagb-image__figure\"><img decoding=\"async\" srcset=\"https:\/\/ecocentral.cat\/wp-content\/uploads\/2026\/03\/Camio-ecocnetral.webp ,https:\/\/ecocentral.cat\/wp-content\/uploads\/2026\/03\/Camio-ecocnetral-1024x683.webp 780w, https:\/\/ecocentral.cat\/wp-content\/uploads\/2026\/03\/Camio-ecocnetral.webp 360w\" sizes=\"auto, (max-width: 480px) 150px\" src=\"https:\/\/ecocentral.cat\/wp-content\/uploads\/2026\/03\/Camio-ecocnetral.webp\" alt=\"\" class=\"uag-image-2585\" width=\"1600\" height=\"1067\" title=\"Camio ecocnetral\" loading=\"lazy\" role=\"img\"\/><\/figure><\/div>\n<\/div>\n<\/div>\n<\/div>\n<\/div><\/div>\n\n\n\n<div class=\"wp-block-uagb-container uag-hide-desktop uag-hide-tab uag-hide-mob uagb-block-ccb6c6b4 alignfull uagb-is-root-container\"><div class=\"uagb-container-inner-blocks-wrap\">\n<div class=\"wp-block-uagb-advanced-heading uagb-block-73068e73\"><p class=\"uagb-heading-text\">SENSIBILIZACI\u00d3N<\/p><\/div>\n\n\n\n<div class=\"wp-block-uagb-container uagb-layout-grid uagb-block-e23e8161\">\n<div class=\"wp-block-uagb-container uagb-block-2f4cb0ad\">\n<div class=\"wp-block-uagb-advanced-heading uagb-block-0582cc21\"><p class=\"uagb-heading-text\">Complementamos nuestra oferta con talleres educativos y visitas agroecol\u00f3gicas para conocer a nuestros campesinos.<\/p><\/div>\n\n\n\n<div class=\"wp-block-uagb-advanced-heading uagb-block-f3246d01\"><p class=\"uagb-heading-text\">Organizamos actividades para que ni\u00f1os, familias y equipos puedan conocer el origen de los alimentos y entender la importancia de la alimentaci\u00f3n sostenible.<\/p><\/div>\n<\/div>\n<\/div>\n<\/div><\/div>\n\n\n\n<div class=\"wp-block-uagb-container uagb-block-301b7998 alignfull uagb-is-root-container\"><div class=\"uagb-container-inner-blocks-wrap\">\n<div class=\"wp-block-uagb-advanced-heading uagb-block-407b0279\"><p class=\"uagb-heading-text\">SENSIBILIZACI\u00d3N<\/p><\/div>\n\n\n\n<div class=\"wp-block-uagb-container uagb-layout-grid uagb-block-9c799872\">\n<div class=\"wp-block-uagb-container uagb-block-3d1333aa\">\n<div class=\"wp-block-uagb-advanced-heading uagb-block-4eb23333\"><p class=\"uagb-heading-text\">Complementamos nuestra oferta con talleres educativos y visitas agroecol\u00f3gicas para conocer a nuestros campesinos.<\/p><\/div>\n\n\n\n<div class=\"wp-block-uagb-advanced-heading uagb-block-248a07ae\"><p class=\"uagb-heading-text\">Organizamos actividades para que ni\u00f1os, familias y equipos puedan conocer el origen de los alimentos y entender la importancia de la alimentaci\u00f3n sostenible.<\/p><\/div>\n<\/div>\n\n\n\n<div class=\"wp-block-group is-nowrap is-layout-flex wp-container-core-group-is-layout-6c531013 wp-block-group-is-layout-flex\">\n<div class=\"wp-block-uagb-container uagb-block-e12c7868\">\n<div class=\"wp-block-uagb-image uagb-block-4fd9434e wp-block-uagb-image--layout-default wp-block-uagb-image--effect-static wp-block-uagb-image--align-none\"><figure class=\"wp-block-uagb-image__figure\"><img decoding=\"async\" srcset=\"https:\/\/ecocentral.cat\/wp-content\/uploads\/2026\/03\/Sensibilitzacio-2-2-1-1.jpg ,https:\/\/ecocentral.cat\/wp-content\/uploads\/2026\/03\/Sensibilitzacio-2-2-1-1.jpg 780w, https:\/\/ecocentral.cat\/wp-content\/uploads\/2026\/03\/Sensibilitzacio-2-2-1-1.jpg 360w\" sizes=\"auto, (max-width: 480px) 150px\" src=\"https:\/\/ecocentral.cat\/wp-content\/uploads\/2026\/03\/Sensibilitzacio-2-2-1-1.jpg\" alt=\"\" class=\"uag-image-5052\" width=\"1600\" height=\"1067\" title=\"Sensibilizaci\u00f3n-2 (2) (1) (1)\" loading=\"lazy\" role=\"img\"\/><\/figure><\/div>\n<\/div>\n<\/div>\n<\/div>\n<\/div><\/div>\n\n\n\n<div class=\"wp-block-uagb-container uagb-block-e624932c alignfull uagb-is-root-container\"><div class=\"uagb-container-inner-blocks-wrap\">\n<div class=\"wp-block-uagb-advanced-heading uagb-block-6b85b6ea\"><p class=\"uagb-heading-text\">EL ECOPAG\u00c8S<\/p><\/div>\n\n\n\n<div class=\"wp-block-uagb-container uagb-layout-grid uagb-block-70ecac13\">\n<div class=\"wp-block-uagb-container uagb-block-d01ad049\">\n<div class=\"wp-block-uagb-advanced-heading uagb-block-eb9d91d9\"><p class=\"uagb-heading-text\">Somos promotores del Ecopag\u00e9s, un espect\u00e1culo participativo para escuelas, ferias y mercados. Es una actividad de sensibilizaci\u00f3n sobre la alimentaci\u00f3n agroecol\u00f3gica donde se comparte conocimiento y se despierta la curiosidad a trav\u00e9s de la emoci\u00f3n, haciendo re\u00edr y sembrando conciencia sin perder la magia.<\/p><\/div>\n\n\n\n<div class=\"wp-block-uagb-advanced-heading uagb-block-523139a7\"><p class=\"uagb-heading-text\">Con el Ecopag\u00e9s, la tierra habla y nosotros aprendemos a escucharla.<\/p><\/div>\n\n\n\n<div class=\"wp-block-uagb-buttons uagb-buttons__outer-wrap uagb-btn__medium-btn uagb-btn-tablet__default-btn uagb-btn-mobile__default-btn uagb-block-e17703ad uag-hide-tab uag-hide-mob\"><div class=\"uagb-buttons__wrap uagb-buttons-layout-wrap\">\n<div class=\"wp-block-uagb-buttons-child uagb-buttons__outer-wrap uagb-block-d888aa7a wp-block-button\"><div class=\"uagb-button__wrapper\"><a class=\"uagb-buttons-repeater wp-block-button__link\" aria-label=\"\" href=\"https:\/\/ecopages.cat\/\" rel=\"follow noopener\" target=\"_self\" role=\"button\"><div class=\"uagb-button__link\">VISITA ECOPAGES.CAT<\/div><span class=\"uagb-button__icon uagb-button__icon-position-after\"><svg xmlns=\"https:\/\/www.w3.org\/2000\/svg\" viewbox=\"0 0 448 512\" aria-hidden=\"true\" focussable=\"false\"><path d=\"M438.6 278.6l-160 160C272.4 444.9 264.2 448 256 448s-16.38-3.125-22.62-9.375c-12.5-12.5-12.5-32.75 0-45.25L338.8 288H32C14.33 288 .0016 273.7 .0016 256S14.33 224 32 224h306.8l-105.4-105.4c-12.5-12.5-12.5-32.75 0-45.25s32.75-12.5 45.25 0l160 160C451.1 245.9 451.1 266.1 438.6 278.6z\"><\/path><\/svg><\/span><\/a><\/div><\/div>\n<\/div><\/div>\n<\/div>\n\n\n\n<div class=\"wp-block-group is-nowrap is-layout-flex wp-container-core-group-is-layout-6c531013 wp-block-group-is-layout-flex\">\n<div class=\"wp-block-uagb-container uagb-block-28b15af5\">\n<div class=\"wp-block-uagb-image uagb-block-233e1dcf wp-block-uagb-image--layout-default wp-block-uagb-image--effect-static wp-block-uagb-image--align-none\"><figure class=\"wp-block-uagb-image__figure\"><img decoding=\"async\" srcset=\"https:\/\/ecocentral.cat\/wp-content\/uploads\/2026\/03\/Ecopages-2-1-1.jpg ,https:\/\/ecocentral.cat\/wp-content\/uploads\/2026\/03\/Ecopages-2-1-1.jpg 780w, https:\/\/ecocentral.cat\/wp-content\/uploads\/2026\/03\/Ecopages-2-1-1.jpg 360w\" sizes=\"auto, (max-width: 480px) 150px\" src=\"https:\/\/ecocentral.cat\/wp-content\/uploads\/2026\/03\/Ecopages-2-1-1.jpg\" alt=\"\" class=\"uag-image-5054\" width=\"1600\" height=\"1067\" title=\"Ecopages (2) (1) (1)\" loading=\"lazy\" role=\"img\"\/><\/figure><\/div>\n\n\n\n<div class=\"wp-block-uagb-container uagb-block-012bef02\">\t\t\t\t\t<div\n\t\t\t\t\t\tclass=\"wp-block-uagb-image-gallery uagb-block-8cde3bf0  uag-hide-desktop\"\n\t\t\t\t\t\tstyle=\"\"\n\t\t\t\t\t>\n\t\t\t\t\t\t\t\t\t\t\t<div class=\"spectra-image-gallery spectra-image-gallery__layout--grid spectra-image-gallery__layout--grid-col-3 spectra-image-gallery__layout--grid-col-tab-3 spectra-image-gallery__layout--grid-col-mob-3\">\n\t\t\t\t\t\t\t\t\t\t\t<div class='spectra-image-gallery__media-wrapper' data-spectra-gallery-image-id='2951' tabindex=\"0\">\n\t\t\t\t\t\t\t<div class=\"spectra-image-gallery__media spectra-image-gallery__media--grid\">\n\t\t\t\t<picture>\n\t\t\t\t\t<source media=\"(min-width: 1024px)\" srcset=\"https:\/\/ecocentral.cat\/wp-content\/uploads\/2026\/03\/ecopages-1-1024x681.png\">\n\t\t\t\t\t<source media=\"(min-width: 768px)\" srcset=\"https:\/\/ecocentral.cat\/wp-content\/uploads\/2026\/03\/ecopages-1-1024x681.png\">\n\t\t\t\t\t<img decoding=\"async\" class=\"spectra-image-gallery__media-thumbnail spectra-image-gallery__media-thumbnail--grid\" src=\"https:\/\/ecocentral.cat\/wp-content\/uploads\/2026\/03\/ecopages-1-1024x681.png\" alt=\"\" loading=\"lazy\" \/>\n\t\t\t\t<\/picture>\n\t\t\t\t<div class=\"spectra-image-gallery__media-thumbnail-blurrer\"><\/div>\n\t\t\t\t\t\t\t\t\t\t\t<div class=\"spectra-image-gallery__media-thumbnail-caption-wrapper spectra-image-gallery__media-thumbnail-caption-wrapper--overlay\"><\/div>\n\t\t\t\t\t\t\t\t<\/div>\n\t\t\t\t\t\t<\/div>\n\t\t\t\t\t\t<div class='spectra-image-gallery__media-wrapper' data-spectra-gallery-image-id='2964' tabindex=\"0\">\n\t\t\t\t\t\t\t<div class=\"spectra-image-gallery__media spectra-image-gallery__media--grid\">\n\t\t\t\t<picture>\n\t\t\t\t\t<source media=\"(min-width: 1024px)\" srcset=\"https:\/\/ecocentral.cat\/wp-content\/uploads\/2026\/03\/Disseny-sense-titol-2-1024x681.jpg\">\n\t\t\t\t\t<source media=\"(min-width: 768px)\" srcset=\"https:\/\/ecocentral.cat\/wp-content\/uploads\/2026\/03\/Disseny-sense-titol-2-1024x681.jpg\">\n\t\t\t\t\t<img decoding=\"async\" class=\"spectra-image-gallery__media-thumbnail spectra-image-gallery__media-thumbnail--grid\" src=\"https:\/\/ecocentral.cat\/wp-content\/uploads\/2026\/03\/Disseny-sense-titol-2-1024x681.jpg\" alt=\"\" loading=\"lazy\" \/>\n\t\t\t\t<\/picture>\n\t\t\t\t<div class=\"spectra-image-gallery__media-thumbnail-blurrer\"><\/div>\n\t\t\t\t\t\t\t\t\t\t\t<div class=\"spectra-image-gallery__media-thumbnail-caption-wrapper spectra-image-gallery__media-thumbnail-caption-wrapper--overlay\"><\/div>\n\t\t\t\t\t\t\t\t<\/div>\n\t\t\t\t\t\t<\/div>\n\t\t\t\t\t\t<div class='spectra-image-gallery__media-wrapper' data-spectra-gallery-image-id='2981' tabindex=\"0\">\n\t\t\t\t\t\t\t<div class=\"spectra-image-gallery__media spectra-image-gallery__media--grid\">\n\t\t\t\t<picture>\n\t\t\t\t\t<source media=\"(min-width: 1024px)\" srcset=\"https:\/\/ecocentral.cat\/wp-content\/uploads\/2026\/03\/ecopages-4-1024x681.jpg\">\n\t\t\t\t\t<source media=\"(min-width: 768px)\" srcset=\"https:\/\/ecocentral.cat\/wp-content\/uploads\/2026\/03\/ecopages-4-1024x681.jpg\">\n\t\t\t\t\t<img decoding=\"async\" class=\"spectra-image-gallery__media-thumbnail spectra-image-gallery__media-thumbnail--grid\" src=\"https:\/\/ecocentral.cat\/wp-content\/uploads\/2026\/03\/ecopages-4-1024x681.jpg\" alt=\"\" loading=\"lazy\" \/>\n\t\t\t\t<\/picture>\n\t\t\t\t<div class=\"spectra-image-gallery__media-thumbnail-blurrer\"><\/div>\n\t\t\t\t\t\t\t\t\t\t\t<div class=\"spectra-image-gallery__media-thumbnail-caption-wrapper spectra-image-gallery__media-thumbnail-caption-wrapper--overlay\"><\/div>\n\t\t\t\t\t\t\t\t<\/div>\n\t\t\t\t\t\t<\/div>\n\t\t\t\t\t\t\t\t\t\t<\/div>\n\t\t\t\t\t\t\t\t\t\t\t\t\t\t\t\t\t\t<\/div>\n\t\t\t\t\t\t\t\t\t<\/div>\n<\/div>\n<\/div>\n<\/div>\n\n\n\n<div class=\"wp-block-uagb-container uag-hide-tab uag-hide-mob uagb-block-cbd0d699\">\n<div class=\"wp-block-uagb-container uagb-block-1820d147\">\t\t\t\t\t<div\n\t\t\t\t\t\tclass=\"wp-block-uagb-image-gallery uagb-block-46ed926d  uag-hide-desktop\"\n\t\t\t\t\t\tstyle=\"\"\n\t\t\t\t\t>\n\t\t\t\t\t\t\t\t\t\t\t<div class=\"spectra-image-gallery spectra-image-gallery__layout--carousel\">\n\t\t\t\t\t\t\t\t<div class=\"uagb-slick-carousel uagb-block-46ed926d\">\n\t\t\t\t\t\t\t\t\t\t\t\t<div class='spectra-image-gallery__media-wrapper' data-spectra-gallery-image-id='2951'>\n\t\t\t\t\t\t\t<div class=\"spectra-image-gallery__media spectra-image-gallery__media--carousel\">\n\t\t\t\t<picture>\n\t\t\t\t\t<source media=\"(min-width: 1024px)\" srcset=\"https:\/\/ecocentral.cat\/wp-content\/uploads\/2026\/03\/ecopages-1-1024x681.png\">\n\t\t\t\t\t<source media=\"(min-width: 768px)\" srcset=\"https:\/\/ecocentral.cat\/wp-content\/uploads\/2026\/03\/ecopages-1-1024x681.png\">\n\t\t\t\t\t<img decoding=\"async\" class=\"spectra-image-gallery__media-thumbnail spectra-image-gallery__media-thumbnail--carousel\" src=\"https:\/\/ecocentral.cat\/wp-content\/uploads\/2026\/03\/ecopages-1-300x200.png\" alt=\"\" loading=\"lazy\" \/>\n\t\t\t\t<\/picture>\n\t\t\t\t<div class=\"spectra-image-gallery__media-thumbnail-blurrer\"><\/div>\n\t\t\t\t\t\t\t\t\t\t\t<div class=\"spectra-image-gallery__media-thumbnail-caption-wrapper spectra-image-gallery__media-thumbnail-caption-wrapper--overlay\"><\/div>\n\t\t\t\t\t\t\t\t<\/div>\n\t\t\t\t\t\t<\/div>\n\t\t\t\t\t\t<div class='spectra-image-gallery__media-wrapper' data-spectra-gallery-image-id='2964'>\n\t\t\t\t\t\t\t<div class=\"spectra-image-gallery__media spectra-image-gallery__media--carousel\">\n\t\t\t\t<picture>\n\t\t\t\t\t<source media=\"(min-width: 1024px)\" srcset=\"https:\/\/ecocentral.cat\/wp-content\/uploads\/2026\/03\/Disseny-sense-titol-2-1024x681.jpg\">\n\t\t\t\t\t<source media=\"(min-width: 768px)\" srcset=\"https:\/\/ecocentral.cat\/wp-content\/uploads\/2026\/03\/Disseny-sense-titol-2-1024x681.jpg\">\n\t\t\t\t\t<img decoding=\"async\" class=\"spectra-image-gallery__media-thumbnail spectra-image-gallery__media-thumbnail--carousel\" src=\"https:\/\/ecocentral.cat\/wp-content\/uploads\/2026\/03\/Disseny-sense-titol-2-300x200.jpg\" alt=\"\" loading=\"lazy\" \/>\n\t\t\t\t<\/picture>\n\t\t\t\t<div class=\"spectra-image-gallery__media-thumbnail-blurrer\"><\/div>\n\t\t\t\t\t\t\t\t\t\t\t<div class=\"spectra-image-gallery__media-thumbnail-caption-wrapper spectra-image-gallery__media-thumbnail-caption-wrapper--overlay\"><\/div>\n\t\t\t\t\t\t\t\t<\/div>\n\t\t\t\t\t\t<\/div>\n\t\t\t\t\t\t<div class='spectra-image-gallery__media-wrapper' data-spectra-gallery-image-id='2981'>\n\t\t\t\t\t\t\t<div class=\"spectra-image-gallery__media spectra-image-gallery__media--carousel\">\n\t\t\t\t<picture>\n\t\t\t\t\t<source media=\"(min-width: 1024px)\" srcset=\"https:\/\/ecocentral.cat\/wp-content\/uploads\/2026\/03\/ecopages-4-1024x681.jpg\">\n\t\t\t\t\t<source media=\"(min-width: 768px)\" srcset=\"https:\/\/ecocentral.cat\/wp-content\/uploads\/2026\/03\/ecopages-4-1024x681.jpg\">\n\t\t\t\t\t<img decoding=\"async\" class=\"spectra-image-gallery__media-thumbnail spectra-image-gallery__media-thumbnail--carousel\" src=\"https:\/\/ecocentral.cat\/wp-content\/uploads\/2026\/03\/ecopages-4-300x200.jpg\" alt=\"\" loading=\"lazy\" \/>\n\t\t\t\t<\/picture>\n\t\t\t\t<div class=\"spectra-image-gallery__media-thumbnail-blurrer\"><\/div>\n\t\t\t\t\t\t\t\t\t\t\t<div class=\"spectra-image-gallery__media-thumbnail-caption-wrapper spectra-image-gallery__media-thumbnail-caption-wrapper--overlay\"><\/div>\n\t\t\t\t\t\t\t\t<\/div>\n\t\t\t\t\t\t<\/div>\n\t\t\t\t\t\t\t\t\t\t\t<\/div>\n\t\t\t\t\t\t\t<\/div>\n\t\t\t\t\t\t\t\t\t\t\t<\/div>\n\t\t\t\t\t\t\t\t\t<\/div>\n<\/div>\n<\/div><\/div>\n\n\n\n<div class=\"wp-block-uagb-container uag-hide-desktop uagb-block-f39f3352 alignfull uagb-is-root-container\"><div class=\"uagb-container-inner-blocks-wrap\">\n<div class=\"wp-block-uagb-container uagb-block-ee1a5194\">\n<div class=\"wp-block-uagb-buttons uagb-buttons__outer-wrap uagb-btn__default-btn uagb-btn-tablet__default-btn uagb-btn-mobile__default-btn uagb-block-a62e4e44\"><div class=\"uagb-buttons__wrap uagb-buttons-layout-wrap\">\n<div class=\"wp-block-uagb-buttons-child uagb-buttons__outer-wrap uagb-block-ce266e36 wp-block-button\"><div class=\"uagb-button__wrapper\"><a class=\"uagb-buttons-repeater wp-block-button__link\" aria-label=\"\" href=\"https:\/\/ecopages.cat\/\" rel=\"follow noopener\" target=\"_self\" role=\"button\"><div class=\"uagb-button__link\">VISITA ECOPAGES.CAT<\/div><span class=\"uagb-button__icon uagb-button__icon-position-after\"><svg xmlns=\"https:\/\/www.w3.org\/2000\/svg\" viewbox=\"0 0 448 512\" aria-hidden=\"true\" focussable=\"false\"><path d=\"M438.6 278.6l-160 160C272.4 444.9 264.2 448 256 448s-16.38-3.125-22.62-9.375c-12.5-12.5-12.5-32.75 0-45.25L338.8 288H32C14.33 288 .0016 273.7 .0016 256S14.33 224 32 224h306.8l-105.4-105.4c-12.5-12.5-12.5-32.75 0-45.25s32.75-12.5 45.25 0l160 160C451.1 245.9 451.1 266.1 438.6 278.6z\"><\/path><\/svg><\/span><\/a><\/div><\/div>\n<\/div><\/div>\n<\/div>\n<\/div><\/div>\n\n\n\n<p><\/p>","protected":false},"excerpt":{"rendered":"<p>ACTIVISTES DE L&#8217;AGROECOLOGIA Serveisa les escoles El motor del nostre moviment \u00e9s el benestar de les persones CENTRAL DE COMPRES [&hellip;]<\/p>","protected":false},"author":1,"featured_media":0,"parent":0,"menu_order":0,"comment_status":"closed","ping_status":"closed","template":"","meta":{"_uag_custom_page_level_css":"","site-sidebar-layout":"default","site-content-layout":"","ast-site-content-layout":"default","site-content-style":"default","site-sidebar-style":"default","ast-global-header-display":"","ast-banner-title-visibility":"","ast-main-header-display":"","ast-hfb-above-header-display":"","ast-hfb-below-header-display":"","ast-hfb-mobile-header-display":"","site-post-title":"disabled","ast-breadcrumbs-content":"","ast-featured-img":"","footer-sml-layout":"","ast-disable-related-posts":"","theme-transparent-header-meta":"","adv-header-id-meta":"","stick-header-meta":"","header-above-stick-meta":"","header-main-stick-meta":"","header-below-stick-meta":"","astra-migrate-meta-layouts":"default","ast-page-background-enabled":"default","ast-page-background-meta":{"desktop":{"background-color":"var(--ast-global-color-5)","background-image":"","background-repeat":"repeat","background-position":"center center","background-size":"auto","background-attachment":"scroll","background-type":"","background-media":"","overlay-type":"","overlay-color":"","overlay-opacity":"","overlay-gradient":""},"tablet":{"background-color":"","background-image":"","background-repeat":"repeat","background-position":"center center","background-size":"auto","background-attachment":"scroll","background-type":"","background-media":"","overlay-type":"","overlay-color":"","overlay-opacity":"","overlay-gradient":""},"mobile":{"background-color":"","background-image":"","background-repeat":"repeat","background-position":"center center","background-size":"auto","background-attachment":"scroll","background-type":"","background-media":"","overlay-type":"","overlay-color":"","overlay-opacity":"","overlay-gradient":""}},"ast-content-background-meta":{"desktop":{"background-color":"var(--ast-global-color-4)","background-image":"","background-repeat":"repeat","background-position":"center center","background-size":"auto","background-attachment":"scroll","background-type":"","background-media":"","overlay-type":"","overlay-color":"","overlay-opacity":"","overlay-gradient":""},"tablet":{"background-color":"var(--ast-global-color-4)","background-image":"","background-repeat":"repeat","background-position":"center center","background-size":"auto","background-attachment":"scroll","background-type":"","background-media":"","overlay-type":"","overlay-color":"","overlay-opacity":"","overlay-gradient":""},"mobile":{"background-color":"var(--ast-global-color-4)","background-image":"","background-repeat":"repeat","background-position":"center center","background-size":"auto","background-attachment":"scroll","background-type":"","background-media":"","overlay-type":"","overlay-color":"","overlay-opacity":"","overlay-gradient":""}},"footnotes":""},"class_list":["post-456","page","type-page","status-publish","hentry"],"uagb_featured_image_src":{"full":false,"thumbnail":false,"medium":false,"medium_large":false,"large":false,"1536x1536":false,"2048x2048":false,"trp-custom-language-flag":false},"uagb_author_info":{"display_name":"orioricm@gmail.com","author_link":"https:\/\/ecocentral.cat\/es_es\/author\/orioricmgmail-com\/"},"uagb_comment_info":0,"uagb_excerpt":"ACTIVISTES DE L&#8217;AGROECOLOGIA Serveisa les escoles El motor del nostre moviment \u00e9s el benestar de les persones CENTRAL DE COMPRES [&hellip;]","_links":{"self":[{"href":"https:\/\/ecocentral.cat\/es_es\/wp-json\/wp\/v2\/pages\/456","targetHints":{"allow":["GET"]}}],"collection":[{"href":"https:\/\/ecocentral.cat\/es_es\/wp-json\/wp\/v2\/pages"}],"about":[{"href":"https:\/\/ecocentral.cat\/es_es\/wp-json\/wp\/v2\/types\/page"}],"author":[{"embeddable":true,"href":"https:\/\/ecocentral.cat\/es_es\/wp-json\/wp\/v2\/users\/1"}],"replies":[{"embeddable":true,"href":"https:\/\/ecocentral.cat\/es_es\/wp-json\/wp\/v2\/comments?post=456"}],"version-history":[{"count":267,"href":"https:\/\/ecocentral.cat\/es_es\/wp-json\/wp\/v2\/pages\/456\/revisions"}],"predecessor-version":[{"id":5976,"href":"https:\/\/ecocentral.cat\/es_es\/wp-json\/wp\/v2\/pages\/456\/revisions\/5976"}],"wp:attachment":[{"href":"https:\/\/ecocentral.cat\/es_es\/wp-json\/wp\/v2\/media?parent=456"}],"curies":[{"name":"wp","href":"https:\/\/api.w.org\/{rel}","templated":true}]}}